{"id":341,"date":"2025-07-15T16:25:17","date_gmt":"2025-07-15T16:25:17","guid":{"rendered":"https:\/\/therubymonroe.com\/?page_id=341"},"modified":"2025-08-31T16:28:17","modified_gmt":"2025-08-31T16:28:17","slug":"about-me","status":"publish","type":"page","link":"https:\/\/therubymonroe.com\/es\/about-me\/","title":{"rendered":"About me"},"content":{"rendered":"<h2 class=\"wp-block-heading has-text-align-center has-base-color has-text-color has-link-color has-amarante-font-family wp-elements-bb40f0b2d0c455cbe8ed6d44561da980\" style=\"margin-bottom:var(--wp--preset--spacing--80);font-size:clamp(2.629rem, 2.629rem + ((1vw - 0.2rem) * 5.579), 5rem);\">\u00bfQUI\u00c9N ES RUBY MONROE?<\/h2>\n\n\n\n<div class=\"wp-block-group has-global-padding is-layout-constrained wp-block-group-is-layout-constrained\" style=\"margin-bottom:0;font-size:clamp(1.25rem, 1.25rem + ((1vw - 0.2rem) * 1.765), 2rem);\">\n<p class=\"has-text-align-center has-markazi-text-font-family\">El&nbsp;<span class=\"gradient\">icono mundial<\/span>&nbsp;de seducci\u00f3n elegante, donde el glamour vintage se encuentra con el encanto moderno.<\/p>\n\n\n\n<p class=\"has-text-align-center has-markazi-text-font-family\"><span class=\"gradient\">Ruby Monroe<\/span> es una <span class=\"gradient\">Estrella Burlesque<\/span> de reconocido prestigio internacional, que ha recorrido el mundo llevando su espect\u00e1culo a los mejores teatros, clubs y cabarets.<\/p>\n\n\n\n<p class=\"has-text-align-center has-markazi-text-font-family\"><br>Ganadora de m\u00faltiples premios internacionales, Ruby Monroe tambi\u00e9n fue <span class=\"gradient\">Miss Viva Las Vegas 2022<\/span>, convirti\u00e9ndose en la primera europea en ganar este t\u00edtulo.<br>Tambi\u00e9n fue votada <span class=\"gradient\">TOP 9<\/span> de las <span class=\"gradient\">Mejores Artistas Burlesque<\/span> de todo el mundo en 2023<\/p>\n\n\n\n<div class=\"wp-block-group is-nowrap is-layout-flex wp-container-core-group-is-layout-6c531013 wp-block-group-is-layout-flex\">\n<figure class=\"wp-block-image size-large\"><img loading=\"lazy\" decoding=\"async\" width=\"683\" height=\"1024\" src=\"https:\/\/therubymonroe.com\/wp-content\/uploads\/2025\/07\/image00081-683x1024.jpeg\" alt=\"\" class=\"wp-image-931\" srcset=\"https:\/\/therubymonroe.com\/wp-content\/uploads\/2025\/07\/image00081-683x1024.jpeg 683w, https:\/\/therubymonroe.com\/wp-content\/uploads\/2025\/07\/image00081-200x300.jpeg 200w, https:\/\/therubymonroe.com\/wp-content\/uploads\/2025\/07\/image00081-768x1152.jpeg 768w, https:\/\/therubymonroe.com\/wp-content\/uploads\/2025\/07\/image00081-1024x1536.jpeg 1024w, https:\/\/therubymonroe.com\/wp-content\/uploads\/2025\/07\/image00081-1365x2048.jpeg 1365w, https:\/\/therubymonroe.com\/wp-content\/uploads\/2025\/07\/image00081-scaled.jpeg 1707w\" sizes=\"auto, (max-width: 683px) 100vw, 683px\" \/><\/figure>\n\n\n\n<figure class=\"wp-block-image size-large\"><img loading=\"lazy\" decoding=\"async\" width=\"820\" height=\"1024\" src=\"https:\/\/therubymonroe.com\/wp-content\/uploads\/2025\/07\/image00072-820x1024.jpeg\" alt=\"\" class=\"wp-image-922\" srcset=\"https:\/\/therubymonroe.com\/wp-content\/uploads\/2025\/07\/image00072-820x1024.jpeg 820w, https:\/\/therubymonroe.com\/wp-content\/uploads\/2025\/07\/image00072-240x300.jpeg 240w, https:\/\/therubymonroe.com\/wp-content\/uploads\/2025\/07\/image00072-768x959.jpeg 768w, https:\/\/therubymonroe.com\/wp-content\/uploads\/2025\/07\/image00072-1229x1536.jpeg 1229w, https:\/\/therubymonroe.com\/wp-content\/uploads\/2025\/07\/image00072.jpeg 1440w\" sizes=\"auto, (max-width: 820px) 100vw, 820px\" \/><\/figure>\n<\/div>\n\n\n\n<p class=\"has-text-align-center has-markazi-text-font-family\"><br>En Espa\u00f1a, ha trabajado como directora art\u00edstica del exitoso espect\u00e1culo de Burlesque \"Leclab Royal\" en The Westin Palace, as\u00ed como \"Los Viernes de Leclab\" en Casa Gallardo y numerosos eventos privados de alta gama en Madrid.<br>Actualmente es CEO de la empresa <span class=\"gradient\">Cheek to Cheek<\/span>, la primera empresa en Espa\u00f1a en especializarse en espect\u00e1culos retro-vintage.<\/p>\n\n\n\n<p class=\"has-text-align-center has-markazi-text-font-family\">Su refinado estilo y presencia carism\u00e1tica capturan todas las miradas cuando entra en la sala.<\/p>\n\n\n\n<div class=\"wp-block-group is-content-justification-center is-nowrap is-layout-flex wp-container-core-group-is-layout-23441af8 wp-block-group-is-layout-flex\">\n<figure class=\"wp-block-image size-large\"><img loading=\"lazy\" decoding=\"async\" width=\"684\" height=\"1024\" src=\"https:\/\/therubymonroe.com\/wp-content\/uploads\/2025\/07\/image00074-684x1024.jpeg\" alt=\"\" class=\"wp-image-924\" srcset=\"https:\/\/therubymonroe.com\/wp-content\/uploads\/2025\/07\/image00074-684x1024.jpeg 684w, https:\/\/therubymonroe.com\/wp-content\/uploads\/2025\/07\/image00074-200x300.jpeg 200w, https:\/\/therubymonroe.com\/wp-content\/uploads\/2025\/07\/image00074-768x1150.jpeg 768w, https:\/\/therubymonroe.com\/wp-content\/uploads\/2025\/07\/image00074-1025x1536.jpeg 1025w, https:\/\/therubymonroe.com\/wp-content\/uploads\/2025\/07\/image00074-1367x2048.jpeg 1367w, https:\/\/therubymonroe.com\/wp-content\/uploads\/2025\/07\/image00074.jpeg 1474w\" sizes=\"auto, (max-width: 684px) 100vw, 684px\" \/><\/figure>\n\n\n\n<figure class=\"wp-block-image size-large\"><img loading=\"lazy\" decoding=\"async\" width=\"885\" height=\"1024\" src=\"https:\/\/therubymonroe.com\/wp-content\/uploads\/2025\/07\/image00075-885x1024.jpeg\" alt=\"\" class=\"wp-image-925\" srcset=\"https:\/\/therubymonroe.com\/wp-content\/uploads\/2025\/07\/image00075-885x1024.jpeg 885w, https:\/\/therubymonroe.com\/wp-content\/uploads\/2025\/07\/image00075-259x300.jpeg 259w, https:\/\/therubymonroe.com\/wp-content\/uploads\/2025\/07\/image00075-768x889.jpeg 768w, https:\/\/therubymonroe.com\/wp-content\/uploads\/2025\/07\/image00075-1328x1536.jpeg 1328w, https:\/\/therubymonroe.com\/wp-content\/uploads\/2025\/07\/image00075.jpeg 1720w\" sizes=\"auto, (max-width: 885px) 100vw, 885px\" \/><\/figure>\n<\/div>\n\n\n\n<p class=\"has-text-align-center has-markazi-text-font-family\"><br>Ella es puro <span class=\"gradient\">\u201cOld Hollywood\u201d<\/span> en est\u00e9tica y esencia, con el divertido y sugerente gui\u00f1o del burlesque, lo que la convierte en una artista \u00fanica.<\/p>\n\n\n\n<p class=\"has-text-align-center has-markazi-text-font-family\"><br>Ruby viene a traer el verdadero arte de Burlesque para sumergirte en un ambiente de elegancia y sensualidad, condimentado con mucho brillo y plumas.<\/p>\n\n\n\n<p class=\"has-text-align-center has-markazi-text-font-family\"><br>Ruby Monroe tiene un gran repertorio de actos y trajes que se pueden adaptadar para cualquier tipo de evento o espect\u00e1culo. Puede improvisar con bandas en vivo y aceptar sugerencias de m\u00fasica del cliente.<\/p>\n\n\n\n<h2 class=\"wp-block-heading has-text-align-center has-base-color has-text-color has-link-color has-amarante-font-family wp-elements-41477bad952b3e4d04c32a1e8069b4e3\" style=\"margin-top:var(--wp--preset--spacing--70);font-size:clamp(1.743rem, 1.743rem + ((1vw - 0.2rem) * 2.958), 3rem);\">RUBY MONROE TAMBI\u00c9N CANTA<\/h2>\n\n\n\n<p class=\"has-text-align-center has-markazi-text-font-family\">Ruby Monroe es una artista y cantante de burlesque. Tiene un amplio repertorio de cl\u00e1sicos del swing, jazz y m\u00fasica contempor\u00e1nea. Puede cantar con m\u00fasica grabada o improvisar con una banda en directo.<\/p>\n\n\n\n<figure class=\"wp-block-image aligncenter size-large\"><img loading=\"lazy\" decoding=\"async\" width=\"819\" height=\"1024\" src=\"https:\/\/therubymonroe.com\/wp-content\/uploads\/2025\/08\/image00101-819x1024.jpeg\" alt=\"\" class=\"wp-image-1221\" srcset=\"https:\/\/therubymonroe.com\/wp-content\/uploads\/2025\/08\/image00101-819x1024.jpeg 819w, https:\/\/therubymonroe.com\/wp-content\/uploads\/2025\/08\/image00101-240x300.jpeg 240w, https:\/\/therubymonroe.com\/wp-content\/uploads\/2025\/08\/image00101-768x960.jpeg 768w, https:\/\/therubymonroe.com\/wp-content\/uploads\/2025\/08\/image00101-10x12.jpeg 10w, https:\/\/therubymonroe.com\/wp-content\/uploads\/2025\/08\/image00101.jpeg 960w\" sizes=\"auto, (max-width: 819px) 100vw, 819px\" \/><\/figure>\n\n\n\n<figure class=\"wp-block-embed aligncenter is-type-video is-provider-youtube wp-block-embed-youtube wp-embed-aspect-16-9 wp-has-aspect-ratio\"><div class=\"wp-block-embed__wrapper\">\n<iframe loading=\"lazy\" title=\"Ruby Monroe sings - Black and Gold\" width=\"500\" height=\"281\" src=\"https:\/\/www.youtube.com\/embed\/1K8R4UVhIrA?feature=oembed\" frameborder=\"0\" allow=\"accelerometer; autoplay; clipboard-write; encrypted-media; gyroscope; picture-in-picture; web-share\" referrerpolicy=\"strict-origin-when-cross-origin\" allowfullscreen><\/iframe>\n<\/div><\/figure>\n\n\n\n<h2 class=\"wp-block-heading has-text-align-center has-base-color has-text-color has-link-color has-amarante-font-family wp-elements-e58380083d01ddc7d974dc47821e5254\" style=\"margin-top:var(--wp--preset--spacing--70);font-size:clamp(1.743rem, 1.743rem + ((1vw - 0.2rem) * 2.958), 3rem);\">\u00bfQU\u00c9 HACE A RUBY MONROE UN ICONO MUNDIAL?<\/h2>\n\n\n\n<p class=\"has-text-align-center has-markazi-text-font-family\">Ruby Monroe es un verdadero icono mundial en la industria del entretenimiento, con una amplia experiencia como artista y directora de espect\u00e1culos. Su profundo conocimiento del negocio le permite adaptarse a la perfecci\u00f3n a las necesidades de cualquier evento o cliente, ofreciendo actuaciones inolvidables con precisi\u00f3n y estilo.<\/p>\n\n\n\n<figure class=\"wp-block-image aligncenter size-large\"><img loading=\"lazy\" decoding=\"async\" width=\"899\" height=\"1024\" src=\"https:\/\/therubymonroe.com\/wp-content\/uploads\/2025\/07\/image00054-899x1024.jpeg\" alt=\"\" class=\"wp-image-904\" srcset=\"https:\/\/therubymonroe.com\/wp-content\/uploads\/2025\/07\/image00054-899x1024.jpeg 899w, https:\/\/therubymonroe.com\/wp-content\/uploads\/2025\/07\/image00054-264x300.jpeg 264w, https:\/\/therubymonroe.com\/wp-content\/uploads\/2025\/07\/image00054-768x874.jpeg 768w, https:\/\/therubymonroe.com\/wp-content\/uploads\/2025\/07\/image00054.jpeg 1170w\" sizes=\"auto, (max-width: 899px) 100vw, 899px\" \/><\/figure>\n\n\n\n<p class=\"has-text-align-center has-markazi-text-font-family\" style=\"margin-top:0;margin-bottom:0\">Durante los \u00faltimos 7 a\u00f1os, Ruby se ha especializado en burlesque, llevando su arte a escenarios de todo el mundo.<br>Su carrera internacional incluye actuacones destacadas en producciones de renombre como el glamuroso espect\u00e1culo de cena <span class=\"gradient\">Medusa Cannes<\/span> en la Riviera Francesa, donde realiz\u00f3 una residencia de 3 meses, y el espectacular <span class=\"gradient\">Firebirds Burlesque Show<\/span>, una producci\u00f3n alemana de gran escala que recorri\u00f3 todo el pa\u00eds.<\/p>\n\n\n\n<div class=\"wp-block-group is-content-justification-center is-nowrap is-layout-flex wp-container-core-group-is-layout-23441af8 wp-block-group-is-layout-flex\">\n<figure class=\"wp-block-image size-large\"><img loading=\"lazy\" decoding=\"async\" width=\"676\" height=\"1024\" src=\"https:\/\/therubymonroe.com\/wp-content\/uploads\/2025\/08\/image00097-676x1024.jpeg\" alt=\"\" class=\"wp-image-1224\" srcset=\"https:\/\/therubymonroe.com\/wp-content\/uploads\/2025\/08\/image00097-676x1024.jpeg 676w, https:\/\/therubymonroe.com\/wp-content\/uploads\/2025\/08\/image00097-198x300.jpeg 198w, https:\/\/therubymonroe.com\/wp-content\/uploads\/2025\/08\/image00097-768x1163.jpeg 768w, https:\/\/therubymonroe.com\/wp-content\/uploads\/2025\/08\/image00097-1014x1536.jpeg 1014w, https:\/\/therubymonroe.com\/wp-content\/uploads\/2025\/08\/image00097-8x12.jpeg 8w, https:\/\/therubymonroe.com\/wp-content\/uploads\/2025\/08\/image00097.jpeg 1170w\" sizes=\"auto, (max-width: 676px) 100vw, 676px\" \/><\/figure>\n\n\n\n<figure class=\"wp-block-image size-large\"><img loading=\"lazy\" decoding=\"async\" width=\"688\" height=\"1024\" src=\"https:\/\/therubymonroe.com\/wp-content\/uploads\/2025\/08\/image00100-688x1024.jpeg\" alt=\"\" class=\"wp-image-1222\" srcset=\"https:\/\/therubymonroe.com\/wp-content\/uploads\/2025\/08\/image00100-688x1024.jpeg 688w, https:\/\/therubymonroe.com\/wp-content\/uploads\/2025\/08\/image00100-202x300.jpeg 202w, https:\/\/therubymonroe.com\/wp-content\/uploads\/2025\/08\/image00100-768x1143.jpeg 768w, https:\/\/therubymonroe.com\/wp-content\/uploads\/2025\/08\/image00100-8x12.jpeg 8w, https:\/\/therubymonroe.com\/wp-content\/uploads\/2025\/08\/image00100.jpeg 980w\" sizes=\"auto, (max-width: 688px) 100vw, 688px\" \/><\/figure>\n<\/div>\n\n\n\n<div data-client-id=\"3047b9684e074e8db1cb35d6bae0b09c\" id=\"pdf-1\" class=\"wp-block-tropicalista-pdfembed\" style=\"height:40vh\" data-api-key=\"\" data-file-name=\"RubyMonroe-Dossier.pdf\" data-media-url=\"https:\/\/therubymonroe.com\/wp-content\/uploads\/2025\/07\/RubyMonroe-Dossier.pdf\" data-default-view-mode=\"FIT_PAGE\"><\/div>\n\n\n\n<div class=\"wp-block-group is-content-justification-center is-nowrap is-layout-flex wp-container-core-group-is-layout-23441af8 wp-block-group-is-layout-flex\">\n<div class=\"wp-block-button\"><a href=\"https:\/\/therubymonroe.com\/wp-content\/uploads\/2025\/07\/RubyMonroe-Dossier-es.pdf\" class=\"wp-block-button__link\" target=\"_blank\" style=\"background-color:#d8143b\">\n    Descargar el Dossier\n<\/a>\n<\/div>\n<\/div>\n\n\n\n<p class=\"has-text-align-center has-markazi-text-font-family\" style=\"margin-top:var(--wp--preset--spacing--50);margin-bottom:0\">La versatilidad, la profesionalidad y la magn\u00e9tica presencia esc\u00e9nica de Ruby Monroe la convierten en una fuerza \u00fanica y poderosa en la escena burlesque mundial.<\/p>\n\n\n\n<p class=\"has-text-align-center has-markazi-text-font-family\" style=\"margin-top:var(--wp--preset--spacing--40);margin-bottom:0\">Si ninguno de los formatos de espect\u00e1culo existentes se ajusta a las necesidades de tu evento, estaremos contentos de crear una propuesta personalizada dise\u00f1ada para llevar tu evento al siguiente nivel.<\/p>\n<\/div>","protected":false},"excerpt":{"rendered":"<p>WHO IS RUBY MONROE? The&nbsp;global icon&nbsp;of elegant seduction, where vintage glamour meets modern allure. Ruby Monroe is a Burlesque Star of recognized international prestige, who has toured the world taking her show to the best theaters, clubs and cabarets. Winner of multiple international awards, Ruby Monroe was also Miss Viva Las Vegas 2022, becoming the [&hellip;]<\/p>\n","protected":false},"author":1,"featured_media":0,"parent":0,"menu_order":0,"comment_status":"closed","ping_status":"closed","template":"wp-custom-template-about-me","meta":{"footnotes":""},"class_list":["post-341","page","type-page","status-publish","hentry"],"_links":{"self":[{"href":"https:\/\/therubymonroe.com\/es\/wp-json\/wp\/v2\/pages\/341","targetHints":{"allow":["GET"]}}],"collection":[{"href":"https:\/\/therubymonroe.com\/es\/wp-json\/wp\/v2\/pages"}],"about":[{"href":"https:\/\/therubymonroe.com\/es\/wp-json\/wp\/v2\/types\/page"}],"author":[{"embeddable":true,"href":"https:\/\/therubymonroe.com\/es\/wp-json\/wp\/v2\/users\/1"}],"replies":[{"embeddable":true,"href":"https:\/\/therubymonroe.com\/es\/wp-json\/wp\/v2\/comments?post=341"}],"version-history":[{"count":49,"href":"https:\/\/therubymonroe.com\/es\/wp-json\/wp\/v2\/pages\/341\/revisions"}],"predecessor-version":[{"id":1337,"href":"https:\/\/therubymonroe.com\/es\/wp-json\/wp\/v2\/pages\/341\/revisions\/1337"}],"wp:attachment":[{"href":"https:\/\/therubymonroe.com\/es\/wp-json\/wp\/v2\/media?parent=341"}],"curies":[{"name":"wp","href":"https:\/\/api.w.org\/{rel}","templated":true}]}}