{"id":1246,"date":"2025-08-19T20:54:07","date_gmt":"2025-08-19T20:54:07","guid":{"rendered":"https:\/\/therubymonroe.com\/?page_id=1246"},"modified":"2025-08-31T15:58:08","modified_gmt":"2025-08-31T15:58:08","slug":"cheek-to-cheek","status":"publish","type":"page","link":"https:\/\/therubymonroe.com\/es\/cheek-to-cheek\/","title":{"rendered":"Cheek to Cheek"},"content":{"rendered":"<figure class=\"wp-block-image size-large no-lightbox\"><img loading=\"lazy\" decoding=\"async\" width=\"1024\" height=\"724\" src=\"https:\/\/therubymonroe.com\/wp-content\/uploads\/2025\/08\/CheekToCheek-1024x724.png\" alt=\"Cheek to Cheek\" class=\"wp-image-1248\" srcset=\"https:\/\/therubymonroe.com\/wp-content\/uploads\/2025\/08\/CheekToCheek-1024x724.png 1024w, https:\/\/therubymonroe.com\/wp-content\/uploads\/2025\/08\/CheekToCheek-300x212.png 300w, https:\/\/therubymonroe.com\/wp-content\/uploads\/2025\/08\/CheekToCheek-768x543.png 768w, https:\/\/therubymonroe.com\/wp-content\/uploads\/2025\/08\/CheekToCheek-1536x1086.png 1536w, https:\/\/therubymonroe.com\/wp-content\/uploads\/2025\/08\/CheekToCheek-2048x1448.png 2048w, https:\/\/therubymonroe.com\/wp-content\/uploads\/2025\/08\/CheekToCheek-18x12.png 18w\" sizes=\"auto, (max-width: 1024px) 100vw, 1024px\" \/><\/figure>\n\n\n\n<div class=\"wp-block-group has-large-font-size has-global-padding is-layout-constrained wp-block-group-is-layout-constrained\">\n<h2 class=\"wp-block-heading has-text-align-center has-base-color has-text-color has-link-color has-amarante-font-family has-x-large-font-size wp-elements-4177e2bbc1f6d462b591080465d3b92a\" style=\"margin-top:0;margin-bottom:var(--wp--preset--spacing--50)\">LLEVA EL GLAMOUR DE CHEEK TO CHEEK A TU EVENTO <\/h2>\n\n\n\n<p class=\"has-text-align-center has-markazi-text-font-family\">\u00bfQuieres que tu evento deslumbre con elegancia, originalidad y un aire vintage?<br><strong><span class=\"gradient\">Cheek to Cheek Show<\/span><\/strong>&nbsp;es mucho m\u00e1s que un show:  en un viaje al cabaret de&nbsp;<strong><span class=\"gradient\">&#8220;Old Hollywood&#8221;&nbsp;<\/span><\/strong>como nunca lo viviste.<\/p>\n\n\n\n<div class=\"wp-block-group is-nowrap is-layout-flex wp-container-core-group-is-layout-6c531013 wp-block-group-is-layout-flex\">\n<figure class=\"wp-block-image size-large\"><img loading=\"lazy\" decoding=\"async\" width=\"1024\" height=\"670\" src=\"https:\/\/therubymonroe.com\/wp-content\/uploads\/2025\/08\/CheekToCheek-1-1024x670.jpg\" alt=\"\" class=\"wp-image-1249\" srcset=\"https:\/\/therubymonroe.com\/wp-content\/uploads\/2025\/08\/CheekToCheek-1-1024x670.jpg 1024w, https:\/\/therubymonroe.com\/wp-content\/uploads\/2025\/08\/CheekToCheek-1-300x196.jpg 300w, https:\/\/therubymonroe.com\/wp-content\/uploads\/2025\/08\/CheekToCheek-1-768x502.jpg 768w, https:\/\/therubymonroe.com\/wp-content\/uploads\/2025\/08\/CheekToCheek-1-1536x1005.jpg 1536w, https:\/\/therubymonroe.com\/wp-content\/uploads\/2025\/08\/CheekToCheek-1-2048x1340.jpg 2048w, https:\/\/therubymonroe.com\/wp-content\/uploads\/2025\/08\/CheekToCheek-1-18x12.jpg 18w\" sizes=\"auto, (max-width: 1024px) 100vw, 1024px\" \/><\/figure>\n\n\n\n<figure class=\"wp-block-image size-large\"><img loading=\"lazy\" decoding=\"async\" width=\"1024\" height=\"683\" src=\"https:\/\/therubymonroe.com\/wp-content\/uploads\/2025\/08\/CheekToCheek-3-1024x683.jpg\" alt=\"\" class=\"wp-image-1251\" srcset=\"https:\/\/therubymonroe.com\/wp-content\/uploads\/2025\/08\/CheekToCheek-3-1024x683.jpg 1024w, https:\/\/therubymonroe.com\/wp-content\/uploads\/2025\/08\/CheekToCheek-3-300x200.jpg 300w, https:\/\/therubymonroe.com\/wp-content\/uploads\/2025\/08\/CheekToCheek-3-768x512.jpg 768w, https:\/\/therubymonroe.com\/wp-content\/uploads\/2025\/08\/CheekToCheek-3-1536x1024.jpg 1536w, https:\/\/therubymonroe.com\/wp-content\/uploads\/2025\/08\/CheekToCheek-3-2048x1365.jpg 2048w, https:\/\/therubymonroe.com\/wp-content\/uploads\/2025\/08\/CheekToCheek-3-18x12.jpg 18w\" sizes=\"auto, (max-width: 1024px) 100vw, 1024px\" \/><\/figure>\n<\/div>\n\n\n\n<p class=\"has-text-align-center has-markazi-text-font-family\">Ofrecemos un espect\u00e1culo adaptable a cualquier tipo de espacio o celebraci\u00f3n: teatros, hoteles, restaurantes, fiestas privadas o eventos corporativos. Puedes contratar el <span class=\"gradient\">show completo<\/span> , con n\u00fameros de burlesque, cantantes, bailarinas y m\u00fasicos en vivo, o elegir solo algunos de nuestros talentos seg\u00fan tus necesidades.<\/p>\n\n\n\n<div class=\"wp-block-group is-nowrap is-layout-flex wp-container-core-group-is-layout-6c531013 wp-block-group-is-layout-flex\">\n<figure class=\"wp-block-image size-full\"><img loading=\"lazy\" decoding=\"async\" width=\"1020\" height=\"840\" src=\"https:\/\/therubymonroe.com\/wp-content\/uploads\/2025\/08\/CheekToCheek-5.jpg\" alt=\"\" class=\"wp-image-1253\" srcset=\"https:\/\/therubymonroe.com\/wp-content\/uploads\/2025\/08\/CheekToCheek-5.jpg 1020w, https:\/\/therubymonroe.com\/wp-content\/uploads\/2025\/08\/CheekToCheek-5-300x247.jpg 300w, https:\/\/therubymonroe.com\/wp-content\/uploads\/2025\/08\/CheekToCheek-5-768x632.jpg 768w, https:\/\/therubymonroe.com\/wp-content\/uploads\/2025\/08\/CheekToCheek-5-15x12.jpg 15w\" sizes=\"auto, (max-width: 1020px) 100vw, 1020px\" \/><\/figure>\n\n\n\n<figure class=\"wp-block-image size-full\"><img loading=\"lazy\" decoding=\"async\" width=\"812\" height=\"1016\" src=\"https:\/\/therubymonroe.com\/wp-content\/uploads\/2025\/08\/CheekToCheek-4.jpg\" alt=\"\" class=\"wp-image-1252\" srcset=\"https:\/\/therubymonroe.com\/wp-content\/uploads\/2025\/08\/CheekToCheek-4.jpg 812w, https:\/\/therubymonroe.com\/wp-content\/uploads\/2025\/08\/CheekToCheek-4-240x300.jpg 240w, https:\/\/therubymonroe.com\/wp-content\/uploads\/2025\/08\/CheekToCheek-4-768x961.jpg 768w, https:\/\/therubymonroe.com\/wp-content\/uploads\/2025\/08\/CheekToCheek-4-10x12.jpg 10w\" sizes=\"auto, (max-width: 812px) 100vw, 812px\" \/><\/figure>\n<\/div>\n\n\n\n<h2 class=\"wp-block-heading has-text-align-center has-base-color has-text-color has-link-color has-amarante-font-family has-x-large-font-size wp-elements-7f8cf6220b704334938ac928ed66d128\" style=\"margin-top:var(--wp--preset--spacing--50);margin-bottom:var(--wp--preset--spacing--50)\">\u00bfQU\u00c9 NOS HACE DIFERENTES?<\/h2>\n\n\n\n<ul class=\"wp-block-list\">\n<li class=\"has-markazi-text-font-family\">Artistas de trayectoria internacional.<\/li>\n\n\n\n<li class=\"has-markazi-text-font-family\">Escenograf\u00eda y direcci\u00f3n art\u00edstica al estilo de los grandes espect\u00e1culos de Las Vegas.<\/li>\n\n\n\n<li class=\"has-markazi-text-font-family\">Vestuario original, confeccionado a mano, inspirado en la est\u00e9tica real de los a\u00f1os 30, 40 y 50.<\/li>\n\n\n\n<li class=\"has-markazi-text-font-family\">M\u00fasica 100% en vivo o seleccionada cuidadosamente para mantener la atm\u00f3sfera vintage.<\/li>\n\n\n\n<li class=\"has-markazi-text-font-family\">Una puesta en escena elegante, sofisticada y con una fuerte identidad visual.<\/li>\n<\/ul>\n\n\n\n<div class=\"wp-block-group is-nowrap is-layout-flex wp-container-core-group-is-layout-6c531013 wp-block-group-is-layout-flex\">\n<figure class=\"wp-block-image size-full\"><img loading=\"lazy\" decoding=\"async\" width=\"835\" height=\"1024\" src=\"https:\/\/therubymonroe.com\/wp-content\/uploads\/2025\/08\/CheekToCheek-2.jpg\" alt=\"\" class=\"wp-image-1250\" srcset=\"https:\/\/therubymonroe.com\/wp-content\/uploads\/2025\/08\/CheekToCheek-2.jpg 835w, https:\/\/therubymonroe.com\/wp-content\/uploads\/2025\/08\/CheekToCheek-2-245x300.jpg 245w, https:\/\/therubymonroe.com\/wp-content\/uploads\/2025\/08\/CheekToCheek-2-768x942.jpg 768w, https:\/\/therubymonroe.com\/wp-content\/uploads\/2025\/08\/CheekToCheek-2-10x12.jpg 10w\" sizes=\"auto, (max-width: 835px) 100vw, 835px\" \/><\/figure>\n\n\n\n<figure class=\"wp-block-image size-full\"><img loading=\"lazy\" decoding=\"async\" width=\"1026\" height=\"1012\" src=\"https:\/\/therubymonroe.com\/wp-content\/uploads\/2025\/08\/CheekToCheek-6.jpg\" alt=\"\" class=\"wp-image-1254\" srcset=\"https:\/\/therubymonroe.com\/wp-content\/uploads\/2025\/08\/CheekToCheek-6.jpg 1026w, https:\/\/therubymonroe.com\/wp-content\/uploads\/2025\/08\/CheekToCheek-6-300x296.jpg 300w, https:\/\/therubymonroe.com\/wp-content\/uploads\/2025\/08\/CheekToCheek-6-1024x1010.jpg 1024w, https:\/\/therubymonroe.com\/wp-content\/uploads\/2025\/08\/CheekToCheek-6-768x758.jpg 768w, https:\/\/therubymonroe.com\/wp-content\/uploads\/2025\/08\/CheekToCheek-6-12x12.jpg 12w\" sizes=\"auto, (max-width: 1026px) 100vw, 1026px\" \/><\/figure>\n<\/div>\n\n\n\n<p class=\"has-text-align-center has-markazi-text-font-family\"><span class=\"gradient\">Cheek to Cheek es una oda a los cabarets cl\u00e1sicos, al cine dorado de Hollywood y a la \u00e9poca dorada del swing y el jazz.<\/span>&nbsp;Un viaje sensorial y visual que har\u00e1 que tu evento sea inolvidable.<\/p>\n\n\n\n<div data-client-id=\"3047b9684e074e8db1cb35d6bae0b09c\" id=\"pdf-1\" class=\"wp-block-tropicalista-pdfembed\" style=\"height:40vh\" data-api-key=\"\" data-file-name=\"CheektoCheekShowENGLISH.pdf\" data-media-url=\"https:\/\/therubymonroe.com\/wp-content\/uploads\/2025\/08\/CheektoCheekShowENGLISH.pdf\" data-default-view-mode=\"FIT_PAGE\"><\/div>\n\n\n\n<div class=\"wp-block-group is-content-justification-center is-nowrap is-layout-flex wp-container-core-group-is-layout-23441af8 wp-block-group-is-layout-flex\">\n<div class=\"wp-block-button\"><a href=\"https:\/\/therubymonroe.com\/download2.php\" class=\"wp-block-button__link\" target=\"_blank\" style=\"background-color:#d8143b\">\n    Descargar el Dossier\n<\/a>\n<\/div>\n<\/div>\n<\/div>","protected":false},"excerpt":{"rendered":"<p>BRING THE GLAMOUR OF CHEEK TO CHEEK TO YOUR EVENT Want your event to shine with elegance, originality, and a vintage flair?Cheek to Cheek Show&nbsp;is more than just a performance, it&#8217;s a journey into the cabaret world of&nbsp;&#8220;Old Hollywood&#8221;&nbsp;like you\u2019ve never experienced before. We offer a show that can be adapted to any space or [&hellip;]<\/p>\n","protected":false},"author":1,"featured_media":0,"parent":0,"menu_order":0,"comment_status":"closed","ping_status":"closed","template":"wp-custom-template-base","meta":{"footnotes":""},"class_list":["post-1246","page","type-page","status-publish","hentry"],"_links":{"self":[{"href":"https:\/\/therubymonroe.com\/es\/wp-json\/wp\/v2\/pages\/1246","targetHints":{"allow":["GET"]}}],"collection":[{"href":"https:\/\/therubymonroe.com\/es\/wp-json\/wp\/v2\/pages"}],"about":[{"href":"https:\/\/therubymonroe.com\/es\/wp-json\/wp\/v2\/types\/page"}],"author":[{"embeddable":true,"href":"https:\/\/therubymonroe.com\/es\/wp-json\/wp\/v2\/users\/1"}],"replies":[{"embeddable":true,"href":"https:\/\/therubymonroe.com\/es\/wp-json\/wp\/v2\/comments?post=1246"}],"version-history":[{"count":14,"href":"https:\/\/therubymonroe.com\/es\/wp-json\/wp\/v2\/pages\/1246\/revisions"}],"predecessor-version":[{"id":1307,"href":"https:\/\/therubymonroe.com\/es\/wp-json\/wp\/v2\/pages\/1246\/revisions\/1307"}],"wp:attachment":[{"href":"https:\/\/therubymonroe.com\/es\/wp-json\/wp\/v2\/media?parent=1246"}],"curies":[{"name":"wp","href":"https:\/\/api.w.org\/{rel}","templated":true}]}}